{"id":2966,"date":"2023-03-26T15:27:10","date_gmt":"2023-03-26T15:27:10","guid":{"rendered":"https:\/\/onovo-demo.bslthemes.com\/?page_id=2966"},"modified":"2023-03-26T15:27:10","modified_gmt":"2023-03-26T15:27:10","slug":"blog","status":"publish","type":"page","link":"https:\/\/prodizainas.com\/lt\/blog\/","title":{"rendered":"Blog"},"content":{"rendered":"<div data-elementor-type=\"wp-page\" data-elementor-id=\"2966\" class=\"elementor elementor-2966\">\n\t\t\t\t\t\t<section class=\"elementor-section elementor-top-section elementor-element elementor-element-0737b32 elementor-section-full_width elementor-section-height-default elementor-section-height-default wpr-particle-no wpr-jarallax-no wpr-parallax-no wpr-sticky-section-no\" data-id=\"0737b32\" data-element_type=\"section\">\n\t\t\t\t\t\t<div class=\"elementor-container elementor-column-gap-no\">\n\t\t\t\t\t<div class=\"elementor-column elementor-col-100 elementor-top-column elementor-element elementor-element-1c8fcf2\" data-id=\"1c8fcf2\" data-element_type=\"column\">\n\t\t\t<div class=\"elementor-widget-wrap elementor-element-populated\">\n\t\t\t\t\t\t<div class=\"elementor-element elementor-element-441a94b elementor-widget elementor-widget-onovo-intro\" data-id=\"441a94b\" data-element_type=\"widget\" data-widget_type=\"onovo-intro.default\">\n\t\t\t\t<div class=\"elementor-widget-container\">\n\t\t\t\n\t\t<div class=\"onovo-intro intro--black\">\n\t\t\t\t\t\t<div class=\"container\">\n\t\t\t\t\t\t\t\t<h1 class=\"onovo-title-1  onovo-text-white\">\n\t\t\t\t\t<span >\n\t\t\t\t\t\tNews &amp;  Blog\t\t\t\t\t<\/span>\n\t\t\t\t\t\t\t\t\t\t<span class=\"onovo-sep word\">\n\t\t\t\t\t\t\t\t\t\t\t\t\t\t\t\t\t\t<i class=\"sep-img\" style=\"background-image: url(https:\/\/prodizainas.com\/wp-content\/uploads\/2023\/02\/title_icon.svg);\"><\/i>\n\t\t\t\t\t\t\t\t\t\t\t\t\t\t\t\t\t<\/span>\n\t\t\t\t\t\t\t\t\t<\/h1>\n\t\t\t\t\t\t\t\t\t\t\t\t<div class=\"onovo-subtitle-2  onovo-text-white\">\n\t\t\t\t\t<span >\n\t\t\t\t\t\tInsights, thoughts, industry trends, marketing tips.\t\t\t\t\t<\/span>\n\t\t\t\t<\/div>\n\t\t\t\t\t\t\t\t\t\t\t\t<div class=\"onovo-breadcrums\">\n\t\t\t\t\t<ul><li><a href=\"https:\/\/prodizainas.com\/lt\" title=\"prodizainas.com\">Home<\/span><\/a><\/li><li class=\"current\"><span><\/span><\/li><\/ul>\t\t\t\t<\/div>\n\t\t\t\t\t\t\t<\/div>\n\t    <\/div>\n\n\t\t\t\t<\/div>\n\t\t\t\t<\/div>\n\t\t\t\t\t<\/div>\n\t\t<\/div>\n\t\t\t\t\t<\/div>\n\t\t<\/section>\n\t\t\t\t<section class=\"elementor-section elementor-top-section elementor-element elementor-element-6b3cf2a elementor-section-boxed elementor-section-height-default elementor-section-height-default wpr-particle-no wpr-jarallax-no wpr-parallax-no wpr-sticky-section-no\" data-id=\"6b3cf2a\" data-element_type=\"section\">\n\t\t\t\t\t\t<div class=\"elementor-container elementor-column-gap-default\">\n\t\t\t\t\t<div class=\"elementor-column elementor-col-100 elementor-top-column elementor-element elementor-element-aa568cd\" data-id=\"aa568cd\" data-element_type=\"column\">\n\t\t\t<div class=\"elementor-widget-wrap elementor-element-populated\">\n\t\t\t\t\t\t<div class=\"elementor-element elementor-element-7083d06 elementor-widget elementor-widget-onovo-blog-module\" data-id=\"7083d06\" data-element_type=\"widget\" data-widget_type=\"onovo-blog-module.default\">\n\t\t\t\t<div class=\"elementor-widget-container\">\n\t\t\t\n\t\t<div class=\"onovo-blog\">\n\t\t\t\t\t\t<div class=\"row\">\n\t\t\t\t\n\n<div class=\"col-xs-12 col-sm-12 col-md-6 col-lg-4\">\n\t<div id=\"post-15\" class=\"post-15 post type-post status-publish format-standard hentry category-blog\">\n\t\t<div class=\"onovo-blog-item\">\n\t\t\t\t\t\t<div class=\"desc\">\n\t\t\t\t<div class=\"info\">\n\t\t\t\t\t<div class=\"date\">2023-06-21<\/div>Blog\t\t\t\t<\/div>\n\t\t\t\t<h5 class=\"title\">\n\t\t\t\t\t<a href=\"https:\/\/prodizainas.com\/lt\/ka-reikia-zinoti-apie-interneto-svetainiu-kurima\/\">\n\t\t\t\t\t\t<span>K\u0105 reikia \u017einoti apie interneto svetaini\u0173 k\u016brim\u0105?<\/span>\n\t\t\t\t\t<\/a>\n\t\t\t\t<\/h5>\n\t\t\t\t\t\t\t\t<div class=\"onovo-text\">\n\t\t\t\t\t<div><p>Svetaini\u0173 k\u016brimas &#8211; svarbus verslo \u017eingsnis \u0160iandien be galo svarbu tur\u0117ti profesionali\u0105 ir funkcionali\u0105 interneto svetain\u0119&#8230;. <br \/><a href=\"https:\/\/prodizainas.com\/lt\/ka-reikia-zinoti-apie-interneto-svetainiu-kurima\/\" class=\"onovo-btn onovo-hover-btn\"><span>Read more<\/span><\/a><\/p>\n<\/div>\n\t\t\t\t<\/div>\n\t\t\t\t\t\t\t<\/div>\n\t\t<\/div>\n\t<\/div>\n<\/div>\n\n\n<div class=\"col-xs-12 col-sm-12 col-md-6 col-lg-4\">\n\t<div id=\"post-14\" class=\"post-14 post type-post status-publish format-standard hentry category-blog\">\n\t\t<div class=\"onovo-blog-item\">\n\t\t\t\t\t\t<div class=\"desc\">\n\t\t\t\t<div class=\"info\">\n\t\t\t\t\t<div class=\"date\">2023-06-21<\/div>Blog\t\t\t\t<\/div>\n\t\t\t\t<h5 class=\"title\">\n\t\t\t\t\t<a href=\"https:\/\/prodizainas.com\/lt\/5-svarbiausi-dalykai-kuriuos-reikia-zinoti-apie-tinklalapiu-kurima\/\">\n\t\t\t\t\t\t<span>5 Svarbiausi Dalykai, Kuriuos Reikia \u017dinoti Apie Tinklalapi\u0173 K\u016brim\u0105<\/span>\n\t\t\t\t\t<\/a>\n\t\t\t\t<\/h5>\n\t\t\t\t\t\t\t\t<div class=\"onovo-text\">\n\t\t\t\t\t<div><p>Kam tinklalapis yra svarbus? Tinklalapis yra vienas i\u0161 svarbiausi\u0173 \u012franki\u0173, kur\u012f galite tur\u0117ti savo verslui. Jis&#8230; <br \/><a href=\"https:\/\/prodizainas.com\/lt\/5-svarbiausi-dalykai-kuriuos-reikia-zinoti-apie-tinklalapiu-kurima\/\" class=\"onovo-btn onovo-hover-btn\"><span>Read more<\/span><\/a><\/p>\n<\/div>\n\t\t\t\t<\/div>\n\t\t\t\t\t\t\t<\/div>\n\t\t<\/div>\n\t<\/div>\n<\/div>\n\n\n<div class=\"col-xs-12 col-sm-12 col-md-6 col-lg-4\">\n\t<div id=\"post-13\" class=\"post-13 post type-post status-publish format-standard hentry category-blog\">\n\t\t<div class=\"onovo-blog-item\">\n\t\t\t\t\t\t<div class=\"desc\">\n\t\t\t\t<div class=\"info\">\n\t\t\t\t\t<div class=\"date\">2023-06-21<\/div>Blog\t\t\t\t<\/div>\n\t\t\t\t<h5 class=\"title\">\n\t\t\t\t\t<a href=\"https:\/\/prodizainas.com\/lt\/interneto-svetainiu-kurimas-neikainojamas-budas-isryskinti-savo-versla\/\">\n\t\t\t\t\t\t<span>Interneto svetaini\u0173 k\u016brimas &#8211; Ne\u012fkainojamas b\u016bdas i\u0161ry\u0161kinti savo versl\u0105<\/span>\n\t\t\t\t\t<\/a>\n\t\t\t\t<\/h5>\n\t\t\t\t\t\t\t\t<div class=\"onovo-text\">\n\t\t\t\t\t<div><p>Kod\u0117l svarbu tur\u0117ti profesionali\u0105 interneto svetain\u0119? \u0160iuolaikinis verslas daugiau nei bet kada priklauso nuo interneto. Galb\u016bt&#8230; <br \/><a href=\"https:\/\/prodizainas.com\/lt\/interneto-svetainiu-kurimas-neikainojamas-budas-isryskinti-savo-versla\/\" class=\"onovo-btn onovo-hover-btn\"><span>Read more<\/span><\/a><\/p>\n<\/div>\n\t\t\t\t<\/div>\n\t\t\t\t\t\t\t<\/div>\n\t\t<\/div>\n\t<\/div>\n<\/div>\n\n\n<div class=\"col-xs-12 col-sm-12 col-md-6 col-lg-4\">\n\t<div id=\"post-12\" class=\"post-12 post type-post status-publish format-standard hentry category-blog\">\n\t\t<div class=\"onovo-blog-item\">\n\t\t\t\t\t\t<div class=\"desc\">\n\t\t\t\t<div class=\"info\">\n\t\t\t\t\t<div class=\"date\">2023-06-21<\/div>Blog\t\t\t\t<\/div>\n\t\t\t\t<h5 class=\"title\">\n\t\t\t\t\t<a href=\"https:\/\/prodizainas.com\/lt\/kuriant-interneto-svetaine-naujoves-funkcionalumas-ir-dizainas\/\">\n\t\t\t\t\t\t<span>Kuriant interneto svetain\u0119: naujov\u0117s, funkcionalumas ir dizainas<\/span>\n\t\t\t\t\t<\/a>\n\t\t\t\t<\/h5>\n\t\t\t\t\t\t\t\t<div class=\"onovo-text\">\n\t\t\t\t\t<div><p>Naujos kartos interneto svetain\u0117s: k\u016brimas, kuris su\u017eav\u0117s Siekiant i\u0161siskirti konkurencijoje ir pritraukti daugiau lankytoj\u0173 \u012f savo&#8230; <br \/><a href=\"https:\/\/prodizainas.com\/lt\/kuriant-interneto-svetaine-naujoves-funkcionalumas-ir-dizainas\/\" class=\"onovo-btn onovo-hover-btn\"><span>Read more<\/span><\/a><\/p>\n<\/div>\n\t\t\t\t<\/div>\n\t\t\t\t\t\t\t<\/div>\n\t\t<\/div>\n\t<\/div>\n<\/div>\n\n\n<div class=\"col-xs-12 col-sm-12 col-md-6 col-lg-4\">\n\t<div id=\"post-11\" class=\"post-11 post type-post status-publish format-standard hentry category-blog\">\n\t\t<div class=\"onovo-blog-item\">\n\t\t\t\t\t\t<div class=\"desc\">\n\t\t\t\t<div class=\"info\">\n\t\t\t\t\t<div class=\"date\">2023-06-21<\/div>Blog\t\t\t\t<\/div>\n\t\t\t\t<h5 class=\"title\">\n\t\t\t\t\t<a href=\"https:\/\/prodizainas.com\/lt\/kodel-kiekvienam-verslui-reikia-interneto-svetaines\/\">\n\t\t\t\t\t\t<span>Kod\u0117l kiekvienam verslui reikia interneto svetain\u0117s?<\/span>\n\t\t\t\t\t<\/a>\n\t\t\t\t<\/h5>\n\t\t\t\t\t\t\t\t<div class=\"onovo-text\">\n\t\t\t\t\t<div><p>Kod\u0117l kiekvienam verslui reikia interneto svetain\u0117s? \u0160iandienos pasaulis yra vis labiau priklausomas nuo interneto. Tai puikiai&#8230; <br \/><a href=\"https:\/\/prodizainas.com\/lt\/kodel-kiekvienam-verslui-reikia-interneto-svetaines\/\" class=\"onovo-btn onovo-hover-btn\"><span>Read more<\/span><\/a><\/p>\n<\/div>\n\t\t\t\t<\/div>\n\t\t\t\t\t\t\t<\/div>\n\t\t<\/div>\n\t<\/div>\n<\/div>\n\n\n<div class=\"col-xs-12 col-sm-12 col-md-6 col-lg-4\">\n\t<div id=\"post-4\" class=\"post-4 post type-post status-publish format-standard hentry category-blog\">\n\t\t<div class=\"onovo-blog-item\">\n\t\t\t\t\t\t<div class=\"desc\">\n\t\t\t\t<div class=\"info\">\n\t\t\t\t\t<div class=\"date\">2023-06-21<\/div>Blog\t\t\t\t<\/div>\n\t\t\t\t<h5 class=\"title\">\n\t\t\t\t\t<a href=\"https:\/\/prodizainas.com\/lt\/kurkite-savo-svetaine-su-wordpress-galimybes-ir-privalumai\/\">\n\t\t\t\t\t\t<span>Kurkite savo svetain\u0119 su WordPress: galimyb\u0117s ir privalumai<\/span>\n\t\t\t\t\t<\/a>\n\t\t\t\t<\/h5>\n\t\t\t\t\t\t\t\t<div class=\"onovo-text\">\n\t\t\t\t\t<div><p>Galimyb\u0117s sukuriant savo svetain\u0119 Dabar, kai verslo gyvenimas yra vis labiau susij\u0119s su internetu, tur\u0117ti profesionali\u0105&#8230; <br \/><a href=\"https:\/\/prodizainas.com\/lt\/kurkite-savo-svetaine-su-wordpress-galimybes-ir-privalumai\/\" class=\"onovo-btn onovo-hover-btn\"><span>Read more<\/span><\/a><\/p>\n<\/div>\n\t\t\t\t<\/div>\n\t\t\t\t\t\t\t<\/div>\n\t\t<\/div>\n\t<\/div>\n<\/div>\n\t\t\t<\/div>\n\n\t\t\t\t\t\t<!-- pager -->\n\t\t\t<div class=\"pager\">\n\t\t\t\t<span aria-current=\"page\" class=\"page-numbers current\">1<\/span>\n<a class=\"page-numbers\" href=\"https:\/\/prodizainas.com\/lt\/wp-json\/wp\/v2\/pages\/2966\/page\/2\/\">2<\/a>\n<a class=\"page-numbers\" href=\"https:\/\/prodizainas.com\/lt\/wp-json\/wp\/v2\/pages\/2966\/page\/3\/\">3<\/a>\n<a class=\"next page-numbers\" href=\"https:\/\/prodizainas.com\/lt\/wp-json\/wp\/v2\/pages\/2966\/page\/2\/\"><i class=\"icon-arrow\"><\/i><\/a>\t\t\t<\/div>\n\t\t\t\n\t\t\t\t\t<\/div>\n\n\t\t\t\t<\/div>\n\t\t\t\t<\/div>\n\t\t\t\t\t<\/div>\n\t\t<\/div>\n\t\t\t\t\t<\/div>\n\t\t<\/section>\n\t\t\t\t<\/div>","protected":false},"excerpt":{"rendered":"<p>News &amp; Blog Insights, thoughts, industry trends, marketing tips. Home March 25, 2023Branding Usability Secrets to&#8230; <br \/><a href=\"https:\/\/prodizainas.com\/lt\/kurkite-savo-svetaine-su-wordpress-galimybes-ir-privalumai\/\" class=\"onovo-btn onovo-hover-btn\"><span>Read more<\/span><\/a><\/p>","protected":false},"author":1,"featured_media":0,"parent":0,"menu_order":0,"comment_status":"closed","ping_status":"closed","template":"template-elementor-default.php","meta":{"footnotes":""},"class_list":["post-2966","page","type-page","status-publish","hentry"],"acf":[],"_links":{"self":[{"href":"https:\/\/prodizainas.com\/lt\/wp-json\/wp\/v2\/pages\/2966","targetHints":{"allow":["GET"]}}],"collection":[{"href":"https:\/\/prodizainas.com\/lt\/wp-json\/wp\/v2\/pages"}],"about":[{"href":"https:\/\/prodizainas.com\/lt\/wp-json\/wp\/v2\/types\/page"}],"author":[{"embeddable":true,"href":"https:\/\/prodizainas.com\/lt\/wp-json\/wp\/v2\/users\/1"}],"replies":[{"embeddable":true,"href":"https:\/\/prodizainas.com\/lt\/wp-json\/wp\/v2\/comments?post=2966"}],"version-history":[{"count":0,"href":"https:\/\/prodizainas.com\/lt\/wp-json\/wp\/v2\/pages\/2966\/revisions"}],"wp:attachment":[{"href":"https:\/\/prodizainas.com\/lt\/wp-json\/wp\/v2\/media?parent=2966"}],"curies":[{"name":"wp","href":"https:\/\/api.w.org\/{rel}","templated":true}]}}