{"id":2981,"date":"2023-03-26T15:40:05","date_gmt":"2023-03-26T15:40:05","guid":{"rendered":"https:\/\/onovo-demo.bslthemes.com\/?page_id=2981"},"modified":"2023-06-21T09:32:11","modified_gmt":"2023-06-21T09:32:11","slug":"blog-carousel","status":"publish","type":"page","link":"https:\/\/prodizainas.com\/lt\/blog-carousel\/","title":{"rendered":"Blog (Carousel)"},"content":{"rendered":"<div data-elementor-type=\"wp-page\" data-elementor-id=\"2981\" class=\"elementor elementor-2981\">\n\t\t\t\t\t\t<section class=\"elementor-section elementor-top-section elementor-element elementor-element-0737b32 elementor-section-full_width elementor-section-height-default elementor-section-height-default wpr-particle-no wpr-jarallax-no wpr-parallax-no wpr-sticky-section-no\" data-id=\"0737b32\" data-element_type=\"section\">\n\t\t\t\t\t\t<div class=\"elementor-container elementor-column-gap-no\">\n\t\t\t\t\t<div class=\"elementor-column elementor-col-100 elementor-top-column elementor-element elementor-element-1c8fcf2\" data-id=\"1c8fcf2\" data-element_type=\"column\">\n\t\t\t<div class=\"elementor-widget-wrap elementor-element-populated\">\n\t\t\t\t\t\t<div class=\"elementor-element elementor-element-441a94b elementor-widget elementor-widget-onovo-intro\" data-id=\"441a94b\" data-element_type=\"widget\" data-widget_type=\"onovo-intro.default\">\n\t\t\t\t<div class=\"elementor-widget-container\">\n\t\t\t\n\t\t<div class=\"onovo-intro intro--black\">\n\t\t\t\t\t\t<div class=\"container\">\n\t\t\t\t\t\t\t\t<h1 class=\"onovo-title-1  onovo-text-white\">\n\t\t\t\t\t<span >\n\t\t\t\t\t\tNews &amp;  Blog\t\t\t\t\t<\/span>\n\t\t\t\t\t\t\t\t\t\t<span class=\"onovo-sep word\">\n\t\t\t\t\t\t\t\t\t\t\t\t\t\t\t\t\t\t<i class=\"sep-img\" style=\"background-image: url(https:\/\/prodizainas.com\/wp-content\/uploads\/2023\/02\/title_icon.svg);\"><\/i>\n\t\t\t\t\t\t\t\t\t\t\t\t\t\t\t\t\t<\/span>\n\t\t\t\t\t\t\t\t\t<\/h1>\n\t\t\t\t\t\t\t\t\t\t\t\t<div class=\"onovo-subtitle-2  onovo-text-white\">\n\t\t\t\t\t<span >\n\t\t\t\t\t\tInsights, thoughts, industry trends, marketing tips.\t\t\t\t\t<\/span>\n\t\t\t\t<\/div>\n\t\t\t\t\t\t\t\t\t\t\t\t<div class=\"onovo-breadcrums\">\n\t\t\t\t\t<ul><li><a href=\"https:\/\/prodizainas.com\/lt\" title=\"prodizainas.com\">Home<\/span><\/a><\/li><li class=\"current\"><span><\/span><\/li><\/ul>\t\t\t\t<\/div>\n\t\t\t\t\t\t\t<\/div>\n\t    <\/div>\n\n\t\t\t\t<\/div>\n\t\t\t\t<\/div>\n\t\t\t\t\t<\/div>\n\t\t<\/div>\n\t\t\t\t\t<\/div>\n\t\t<\/section>\n\t\t\t\t<section class=\"elementor-section elementor-top-section elementor-element elementor-element-10888ec elementor-section-full_width elementor-section-height-default elementor-section-height-default wpr-particle-no wpr-jarallax-no wpr-parallax-no wpr-sticky-section-no\" data-id=\"10888ec\" data-element_type=\"section\" data-settings=\"{&quot;background_background&quot;:&quot;classic&quot;}\">\n\t\t\t\t\t\t<div class=\"elementor-container elementor-column-gap-no\">\n\t\t\t\t\t<div class=\"elementor-column elementor-col-100 elementor-top-column elementor-element elementor-element-3e7d43b\" data-id=\"3e7d43b\" data-element_type=\"column\">\n\t\t\t<div class=\"elementor-widget-wrap elementor-element-populated\">\n\t\t\t\t\t\t<section class=\"elementor-section elementor-inner-section elementor-element elementor-element-3cbcd62 elementor-section-boxed elementor-section-height-default elementor-section-height-default wpr-particle-no wpr-jarallax-no wpr-parallax-no wpr-sticky-section-no\" data-id=\"3cbcd62\" data-element_type=\"section\">\n\t\t\t\t\t\t<div class=\"elementor-container elementor-column-gap-default\">\n\t\t\t\t\t<div class=\"elementor-column elementor-col-100 elementor-inner-column elementor-element elementor-element-3ddbe47\" data-id=\"3ddbe47\" data-element_type=\"column\">\n\t\t\t<div class=\"elementor-widget-wrap elementor-element-populated\">\n\t\t\t\t\t\t<div class=\"elementor-element elementor-element-e98ebcf elementor-widget elementor-widget-onovo-blog-carousel\" data-id=\"e98ebcf\" data-element_type=\"widget\" data-widget_type=\"onovo-blog-carousel.default\">\n\t\t\t\t<div class=\"elementor-widget-container\">\n\t\t\t\n    <div class=\"onovo-blog-carousel\">\n            <div class=\"swiper-container js-blog-carousel\" data-loop=\"false\" data-autoplay=\"6000\">\n        <div class=\"swiper-wrapper\">\n          \n\n<div class=\"swiper-slide\" data-swiper-autoplay>\n  <div id=\"post-15\" class=\"post-15 post type-post status-publish format-standard hentry category-blog\">\n\t  <div class=\"onovo-blog-slide-item full--width\">\n\t  \t\t    <div class=\"desc\">\n\t      <div class=\"date\">\n          <a href=\"https:\/\/prodizainas.com\/lt\/ka-reikia-zinoti-apie-interneto-svetainiu-kurima\/\" data-splitting>2023-06-21<\/a>\n        <\/div>\n\t      <h5 class=\"title\">\n          <a href=\"https:\/\/prodizainas.com\/lt\/ka-reikia-zinoti-apie-interneto-svetainiu-kurima\/\" data-splitting>K\u0105 reikia \u017einoti apie interneto svetaini\u0173 k\u016brim\u0105?<\/a>\n        <\/h5>\n\t      \t      <div class=\"text\">\n\t      \t<div data-splitting><p>Svetaini\u0173 k\u016brimas &#8211; svarbus verslo \u017eingsnis \u0160iandien be galo svarbu tur\u0117ti profesionali\u0105 ir funkcionali\u0105 interneto svetain\u0119&#8230;. <br \/><a href=\"https:\/\/prodizainas.com\/lt\/ka-reikia-zinoti-apie-interneto-svetainiu-kurima\/\" class=\"onovo-btn onovo-hover-btn\"><span>Read more<\/span><\/a><\/p>\n<\/div>\n\t      <\/div>\n\t      \t    <\/div>\n\t  <\/div>\n  <\/div><!-- #post-15 -->\n<\/div>\n\n\n<div class=\"swiper-slide\" data-swiper-autoplay>\n  <div id=\"post-14\" class=\"post-14 post type-post status-publish format-standard hentry category-blog\">\n\t  <div class=\"onovo-blog-slide-item full--width\">\n\t  \t\t    <div class=\"desc\">\n\t      <div class=\"date\">\n          <a href=\"https:\/\/prodizainas.com\/lt\/5-svarbiausi-dalykai-kuriuos-reikia-zinoti-apie-tinklalapiu-kurima\/\" data-splitting>2023-06-21<\/a>\n        <\/div>\n\t      <h5 class=\"title\">\n          <a href=\"https:\/\/prodizainas.com\/lt\/5-svarbiausi-dalykai-kuriuos-reikia-zinoti-apie-tinklalapiu-kurima\/\" data-splitting>5 Svarbiausi Dalykai, Kuriuos Reikia \u017dinoti Apie Tinklalapi\u0173 K\u016brim\u0105<\/a>\n        <\/h5>\n\t      \t      <div class=\"text\">\n\t      \t<div data-splitting><p>Kam tinklalapis yra svarbus? Tinklalapis yra vienas i\u0161 svarbiausi\u0173 \u012franki\u0173, kur\u012f galite tur\u0117ti savo verslui. Jis&#8230; <br \/><a href=\"https:\/\/prodizainas.com\/lt\/5-svarbiausi-dalykai-kuriuos-reikia-zinoti-apie-tinklalapiu-kurima\/\" class=\"onovo-btn onovo-hover-btn\"><span>Read more<\/span><\/a><\/p>\n<\/div>\n\t      <\/div>\n\t      \t    <\/div>\n\t  <\/div>\n  <\/div><!-- #post-14 -->\n<\/div>\n\n\n<div class=\"swiper-slide\" data-swiper-autoplay>\n  <div id=\"post-13\" class=\"post-13 post type-post status-publish format-standard hentry category-blog\">\n\t  <div class=\"onovo-blog-slide-item full--width\">\n\t  \t\t    <div class=\"desc\">\n\t      <div class=\"date\">\n          <a href=\"https:\/\/prodizainas.com\/lt\/interneto-svetainiu-kurimas-neikainojamas-budas-isryskinti-savo-versla\/\" data-splitting>2023-06-21<\/a>\n        <\/div>\n\t      <h5 class=\"title\">\n          <a href=\"https:\/\/prodizainas.com\/lt\/interneto-svetainiu-kurimas-neikainojamas-budas-isryskinti-savo-versla\/\" data-splitting>Interneto svetaini\u0173 k\u016brimas &#8211; Ne\u012fkainojamas b\u016bdas i\u0161ry\u0161kinti savo versl\u0105<\/a>\n        <\/h5>\n\t      \t      <div class=\"text\">\n\t      \t<div data-splitting><p>Kod\u0117l svarbu tur\u0117ti profesionali\u0105 interneto svetain\u0119? \u0160iuolaikinis verslas daugiau nei bet kada priklauso nuo interneto. Galb\u016bt&#8230; <br \/><a href=\"https:\/\/prodizainas.com\/lt\/interneto-svetainiu-kurimas-neikainojamas-budas-isryskinti-savo-versla\/\" class=\"onovo-btn onovo-hover-btn\"><span>Read more<\/span><\/a><\/p>\n<\/div>\n\t      <\/div>\n\t      \t    <\/div>\n\t  <\/div>\n  <\/div><!-- #post-13 -->\n<\/div>\n\n\n<div class=\"swiper-slide\" data-swiper-autoplay>\n  <div id=\"post-12\" class=\"post-12 post type-post status-publish format-standard hentry category-blog\">\n\t  <div class=\"onovo-blog-slide-item full--width\">\n\t  \t\t    <div class=\"desc\">\n\t      <div class=\"date\">\n          <a href=\"https:\/\/prodizainas.com\/lt\/kuriant-interneto-svetaine-naujoves-funkcionalumas-ir-dizainas\/\" data-splitting>2023-06-21<\/a>\n        <\/div>\n\t      <h5 class=\"title\">\n          <a href=\"https:\/\/prodizainas.com\/lt\/kuriant-interneto-svetaine-naujoves-funkcionalumas-ir-dizainas\/\" data-splitting>Kuriant interneto svetain\u0119: naujov\u0117s, funkcionalumas ir dizainas<\/a>\n        <\/h5>\n\t      \t      <div class=\"text\">\n\t      \t<div data-splitting><p>Naujos kartos interneto svetain\u0117s: k\u016brimas, kuris su\u017eav\u0117s Siekiant i\u0161siskirti konkurencijoje ir pritraukti daugiau lankytoj\u0173 \u012f savo&#8230; <br \/><a href=\"https:\/\/prodizainas.com\/lt\/kuriant-interneto-svetaine-naujoves-funkcionalumas-ir-dizainas\/\" class=\"onovo-btn onovo-hover-btn\"><span>Read more<\/span><\/a><\/p>\n<\/div>\n\t      <\/div>\n\t      \t    <\/div>\n\t  <\/div>\n  <\/div><!-- #post-12 -->\n<\/div>\n\n\n<div class=\"swiper-slide\" data-swiper-autoplay>\n  <div id=\"post-11\" class=\"post-11 post type-post status-publish format-standard hentry category-blog\">\n\t  <div class=\"onovo-blog-slide-item full--width\">\n\t  \t\t    <div class=\"desc\">\n\t      <div class=\"date\">\n          <a href=\"https:\/\/prodizainas.com\/lt\/kodel-kiekvienam-verslui-reikia-interneto-svetaines\/\" data-splitting>2023-06-21<\/a>\n        <\/div>\n\t      <h5 class=\"title\">\n          <a href=\"https:\/\/prodizainas.com\/lt\/kodel-kiekvienam-verslui-reikia-interneto-svetaines\/\" data-splitting>Kod\u0117l kiekvienam verslui reikia interneto svetain\u0117s?<\/a>\n        <\/h5>\n\t      \t      <div class=\"text\">\n\t      \t<div data-splitting><p>Kod\u0117l kiekvienam verslui reikia interneto svetain\u0117s? \u0160iandienos pasaulis yra vis labiau priklausomas nuo interneto. Tai puikiai&#8230; <br \/><a href=\"https:\/\/prodizainas.com\/lt\/kodel-kiekvienam-verslui-reikia-interneto-svetaines\/\" class=\"onovo-btn onovo-hover-btn\"><span>Read more<\/span><\/a><\/p>\n<\/div>\n\t      <\/div>\n\t      \t    <\/div>\n\t  <\/div>\n  <\/div><!-- #post-11 -->\n<\/div>\n\n\n<div class=\"swiper-slide\" data-swiper-autoplay>\n  <div id=\"post-4\" class=\"post-4 post type-post status-publish format-standard hentry category-blog\">\n\t  <div class=\"onovo-blog-slide-item full--width\">\n\t  \t\t    <div class=\"desc\">\n\t      <div class=\"date\">\n          <a href=\"https:\/\/prodizainas.com\/lt\/kurkite-savo-svetaine-su-wordpress-galimybes-ir-privalumai\/\" data-splitting>2023-06-21<\/a>\n        <\/div>\n\t      <h5 class=\"title\">\n          <a href=\"https:\/\/prodizainas.com\/lt\/kurkite-savo-svetaine-su-wordpress-galimybes-ir-privalumai\/\" data-splitting>Kurkite savo svetain\u0119 su WordPress: galimyb\u0117s ir privalumai<\/a>\n        <\/h5>\n\t      \t      <div class=\"text\">\n\t      \t<div data-splitting><p>Galimyb\u0117s sukuriant savo svetain\u0119 Dabar, kai verslo gyvenimas yra vis labiau susij\u0119s su internetu, tur\u0117ti profesionali\u0105&#8230; <br \/><a href=\"https:\/\/prodizainas.com\/lt\/kurkite-savo-svetaine-su-wordpress-galimybes-ir-privalumai\/\" class=\"onovo-btn onovo-hover-btn\"><span>Read more<\/span><\/a><\/p>\n<\/div>\n\t      <\/div>\n\t      \t    <\/div>\n\t  <\/div>\n  <\/div><!-- #post-4 -->\n<\/div>\n        <\/div>\n      <\/div>\n      <div class=\"onovo-navs\">\n        <div class=\"onovo-navs-box js-blog-carousel-navs\">\n          <div class=\"onovo-prev js-blog-carousel-prev onovo-hover-2\"><i><\/i><\/div>\n          <div class=\"onovo-paginations-container\">\n\t\t  \t<div class=\"onovo-paginations js-blog-pagination\"><\/div>\n\t\t  <\/div>\n          <div class=\"onovo-next js-blog-carousel-next onovo-hover-2\"><i><\/i><\/div>\n        <\/div>\n      <\/div>\n          <\/div>\n\n\t\t\t\t<\/div>\n\t\t\t\t<\/div>\n\t\t\t\t\t<\/div>\n\t\t<\/div>\n\t\t\t\t\t<\/div>\n\t\t<\/section>\n\t\t\t\t\t<\/div>\n\t\t<\/div>\n\t\t\t\t\t<\/div>\n\t\t<\/section>\n\t\t\t\t<section class=\"elementor-section elementor-top-section elementor-element elementor-element-602f2f8 elementor-section-boxed elementor-section-height-default elementor-section-height-default wpr-particle-no wpr-jarallax-no wpr-parallax-no wpr-sticky-section-no\" data-id=\"602f2f8\" data-element_type=\"section\">\n\t\t\t\t\t\t<div class=\"elementor-container elementor-column-gap-no\">\n\t\t\t\t\t<div class=\"elementor-column elementor-col-100 elementor-top-column elementor-element elementor-element-cfc1e04\" data-id=\"cfc1e04\" data-element_type=\"column\">\n\t\t\t<div class=\"elementor-widget-wrap elementor-element-populated\">\n\t\t\t\t\t\t<section class=\"elementor-section elementor-inner-section elementor-element elementor-element-0c42694 elementor-section-full_width elementor-section-height-default elementor-section-height-default wpr-particle-no wpr-jarallax-no wpr-parallax-no wpr-sticky-section-no\" data-id=\"0c42694\" data-element_type=\"section\">\n\t\t\t\t\t\t<div class=\"elementor-container elementor-column-gap-default\">\n\t\t\t\t\t<div class=\"elementor-column elementor-col-100 elementor-inner-column elementor-element elementor-element-1d2ce3b\" data-id=\"1d2ce3b\" data-element_type=\"column\">\n\t\t\t<div class=\"elementor-widget-wrap elementor-element-populated\">\n\t\t\t\t\t\t<div class=\"elementor-element elementor-element-57b5768 elementor-widget elementor-widget-onovo-heading\" data-id=\"57b5768\" data-element_type=\"widget\" data-widget_type=\"onovo-heading.default\">\n\t\t\t\t<div class=\"elementor-widget-container\">\n\t\t\t\n    <div class=\"onovo-heading\">\n            <div class=\"onovo-subtitle-1\">\n        <span >\n          Fantastic and Premium Clients        <\/span>\n      <\/div>\n                  <h2 class=\"onovo-title-2\">\n        <span >\n          We Have Had the Pleasure of <br>Working  with Some Clients        <\/span>\n      <\/h2>\n          <\/div>\n\n\t\t\t\t<\/div>\n\t\t\t\t<\/div>\n\t\t\t\t\t<\/div>\n\t\t<\/div>\n\t\t\t\t\t<\/div>\n\t\t<\/section>\n\t\t\t\t<section class=\"elementor-section elementor-inner-section elementor-element elementor-element-f73efb7 elementor-section-full_width elementor-section-height-default elementor-section-height-default wpr-particle-no wpr-jarallax-no wpr-parallax-no wpr-sticky-section-no\" data-id=\"f73efb7\" data-element_type=\"section\">\n\t\t\t\t\t\t<div class=\"elementor-container elementor-column-gap-default\">\n\t\t\t\t\t<div class=\"elementor-column elementor-col-25 elementor-inner-column elementor-element elementor-element-e1c7de8\" data-id=\"e1c7de8\" data-element_type=\"column\">\n\t\t\t<div class=\"elementor-widget-wrap elementor-element-populated\">\n\t\t\t\t\t\t<div class=\"elementor-element elementor-element-0926b23 elementor-widget elementor-widget-onovo-brands\" data-id=\"0926b23\" data-element_type=\"widget\" data-widget_type=\"onovo-brands.default\">\n\t\t\t\t<div class=\"elementor-widget-container\">\n\t\t\t\n      <div class=\"onovo-brands onovo-hover-3 onovo-hover-label\" data-onovo-overlay data-onovo-scroll>\n        <a href=\"http:\/\/google.com\">\n                    <span class=\"image\">\n            <img fetchpriority=\"high\" decoding=\"async\" src=\"https:\/\/prodizainas.com\/wp-content\/uploads\/2023\/01\/brand1.png\" width=\"285\" height=\"200\" alt=\"Visit Website\" \/>\n          <\/span>\n                              <span class=\"label onovo-white-black\">\n            Visit Website          <\/span>\n                  <\/a>\n      <\/div>\n\n\t\t\t\t<\/div>\n\t\t\t\t<\/div>\n\t\t\t\t\t<\/div>\n\t\t<\/div>\n\t\t\t\t<div class=\"elementor-column elementor-col-25 elementor-inner-column elementor-element elementor-element-97d2a2f\" data-id=\"97d2a2f\" data-element_type=\"column\">\n\t\t\t<div class=\"elementor-widget-wrap elementor-element-populated\">\n\t\t\t\t\t\t<div class=\"elementor-element elementor-element-e7f38af elementor-widget elementor-widget-onovo-brands\" data-id=\"e7f38af\" data-element_type=\"widget\" data-widget_type=\"onovo-brands.default\">\n\t\t\t\t<div class=\"elementor-widget-container\">\n\t\t\t\n      <div class=\"onovo-brands onovo-hover-3 onovo-hover-label\" data-onovo-overlay data-onovo-scroll>\n        <a href=\"http:\/\/google.com\">\n                    <span class=\"image\">\n            <img decoding=\"async\" src=\"https:\/\/prodizainas.com\/wp-content\/uploads\/2023\/01\/brand2.png\" width=\"285\" height=\"200\" alt=\"Visit Website\" \/>\n          <\/span>\n                              <span class=\"label onovo-white-black\">\n            Visit Website          <\/span>\n                  <\/a>\n      <\/div>\n\n\t\t\t\t<\/div>\n\t\t\t\t<\/div>\n\t\t\t\t\t<\/div>\n\t\t<\/div>\n\t\t\t\t<div class=\"elementor-column elementor-col-25 elementor-inner-column elementor-element elementor-element-c0ce876\" data-id=\"c0ce876\" data-element_type=\"column\">\n\t\t\t<div class=\"elementor-widget-wrap elementor-element-populated\">\n\t\t\t\t\t\t<div class=\"elementor-element elementor-element-f67643a elementor-widget elementor-widget-onovo-brands\" data-id=\"f67643a\" data-element_type=\"widget\" data-widget_type=\"onovo-brands.default\">\n\t\t\t\t<div class=\"elementor-widget-container\">\n\t\t\t\n      <div class=\"onovo-brands onovo-hover-3 onovo-hover-label\" data-onovo-overlay data-onovo-scroll>\n        <a href=\"http:\/\/google.com\">\n                    <span class=\"image\">\n            <img decoding=\"async\" src=\"https:\/\/prodizainas.com\/wp-content\/uploads\/2023\/01\/brand3.png\" width=\"285\" height=\"200\" alt=\"Visit Website\" \/>\n          <\/span>\n                              <span class=\"label onovo-white-black\">\n            Visit Website          <\/span>\n                  <\/a>\n      <\/div>\n\n\t\t\t\t<\/div>\n\t\t\t\t<\/div>\n\t\t\t\t\t<\/div>\n\t\t<\/div>\n\t\t\t\t<div class=\"elementor-column elementor-col-25 elementor-inner-column elementor-element elementor-element-e72a35a\" data-id=\"e72a35a\" data-element_type=\"column\">\n\t\t\t<div class=\"elementor-widget-wrap elementor-element-populated\">\n\t\t\t\t\t\t<div class=\"elementor-element elementor-element-07aa2a2 elementor-widget elementor-widget-onovo-brands\" data-id=\"07aa2a2\" data-element_type=\"widget\" data-widget_type=\"onovo-brands.default\">\n\t\t\t\t<div class=\"elementor-widget-container\">\n\t\t\t\n      <div class=\"onovo-brands onovo-hover-3 onovo-hover-label\" data-onovo-overlay data-onovo-scroll>\n        <a href=\"http:\/\/google.com\">\n                    <span class=\"image\">\n            <img loading=\"lazy\" decoding=\"async\" src=\"https:\/\/prodizainas.com\/wp-content\/uploads\/2023\/01\/brand4.png\" width=\"285\" height=\"200\" alt=\"Visit Website\" \/>\n          <\/span>\n                              <span class=\"label onovo-white-black\">\n            Visit Website          <\/span>\n                  <\/a>\n      <\/div>\n\n\t\t\t\t<\/div>\n\t\t\t\t<\/div>\n\t\t\t\t\t<\/div>\n\t\t<\/div>\n\t\t\t\t\t<\/div>\n\t\t<\/section>\n\t\t\t\t<section class=\"elementor-section elementor-inner-section elementor-element elementor-element-1a4ca7f elementor-section-full_width elementor-section-height-default elementor-section-height-default wpr-particle-no wpr-jarallax-no wpr-parallax-no wpr-sticky-section-no\" data-id=\"1a4ca7f\" data-element_type=\"section\">\n\t\t\t\t\t\t<div class=\"elementor-container elementor-column-gap-default\">\n\t\t\t\t\t<div class=\"elementor-column elementor-col-25 elementor-inner-column elementor-element elementor-element-000fc03\" data-id=\"000fc03\" data-element_type=\"column\">\n\t\t\t<div class=\"elementor-widget-wrap elementor-element-populated\">\n\t\t\t\t\t\t<div class=\"elementor-element elementor-element-07cee23 elementor-widget elementor-widget-onovo-brands\" data-id=\"07cee23\" data-element_type=\"widget\" data-widget_type=\"onovo-brands.default\">\n\t\t\t\t<div class=\"elementor-widget-container\">\n\t\t\t\n      <div class=\"onovo-brands onovo-hover-3 onovo-hover-label\" data-onovo-overlay data-onovo-scroll>\n        <a href=\"http:\/\/google.com\">\n                    <span class=\"image\">\n            <img loading=\"lazy\" decoding=\"async\" src=\"https:\/\/prodizainas.com\/wp-content\/uploads\/2023\/01\/brand5.png\" width=\"285\" height=\"200\" alt=\"Visit Website\" \/>\n          <\/span>\n                              <span class=\"label onovo-white-black\">\n            Visit Website          <\/span>\n                  <\/a>\n      <\/div>\n\n\t\t\t\t<\/div>\n\t\t\t\t<\/div>\n\t\t\t\t\t<\/div>\n\t\t<\/div>\n\t\t\t\t<div class=\"elementor-column elementor-col-25 elementor-inner-column elementor-element elementor-element-00b7ce0\" data-id=\"00b7ce0\" data-element_type=\"column\">\n\t\t\t<div class=\"elementor-widget-wrap elementor-element-populated\">\n\t\t\t\t\t\t<div class=\"elementor-element elementor-element-977e532 elementor-widget elementor-widget-onovo-brands\" data-id=\"977e532\" data-element_type=\"widget\" data-widget_type=\"onovo-brands.default\">\n\t\t\t\t<div class=\"elementor-widget-container\">\n\t\t\t\n      <div class=\"onovo-brands onovo-hover-3 onovo-hover-label\" data-onovo-overlay data-onovo-scroll>\n        <a href=\"http:\/\/google.com\">\n                    <span class=\"image\">\n            <img loading=\"lazy\" decoding=\"async\" src=\"https:\/\/prodizainas.com\/wp-content\/uploads\/2023\/01\/brand6.png\" width=\"285\" height=\"200\" alt=\"Visit Website\" \/>\n          <\/span>\n                              <span class=\"label onovo-white-black\">\n            Visit Website          <\/span>\n                  <\/a>\n      <\/div>\n\n\t\t\t\t<\/div>\n\t\t\t\t<\/div>\n\t\t\t\t\t<\/div>\n\t\t<\/div>\n\t\t\t\t<div class=\"elementor-column elementor-col-25 elementor-inner-column elementor-element elementor-element-8bd8f43\" data-id=\"8bd8f43\" data-element_type=\"column\">\n\t\t\t<div class=\"elementor-widget-wrap elementor-element-populated\">\n\t\t\t\t\t\t<div class=\"elementor-element elementor-element-e57ef3f elementor-widget elementor-widget-onovo-brands\" data-id=\"e57ef3f\" data-element_type=\"widget\" data-widget_type=\"onovo-brands.default\">\n\t\t\t\t<div class=\"elementor-widget-container\">\n\t\t\t\n      <div class=\"onovo-brands onovo-hover-3 onovo-hover-label\" data-onovo-overlay data-onovo-scroll>\n        <a href=\"http:\/\/google.com\">\n                    <span class=\"image\">\n            <img loading=\"lazy\" decoding=\"async\" src=\"https:\/\/prodizainas.com\/wp-content\/uploads\/2023\/01\/brand7.png\" width=\"285\" height=\"200\" alt=\"Visit Website\" \/>\n          <\/span>\n                              <span class=\"label onovo-white-black\">\n            Visit Website          <\/span>\n                  <\/a>\n      <\/div>\n\n\t\t\t\t<\/div>\n\t\t\t\t<\/div>\n\t\t\t\t\t<\/div>\n\t\t<\/div>\n\t\t\t\t<div class=\"elementor-column elementor-col-25 elementor-inner-column elementor-element elementor-element-1d31bee\" data-id=\"1d31bee\" data-element_type=\"column\">\n\t\t\t<div class=\"elementor-widget-wrap elementor-element-populated\">\n\t\t\t\t\t\t<div class=\"elementor-element elementor-element-6b119f2 elementor-widget elementor-widget-onovo-brands\" data-id=\"6b119f2\" data-element_type=\"widget\" data-widget_type=\"onovo-brands.default\">\n\t\t\t\t<div class=\"elementor-widget-container\">\n\t\t\t\n      <div class=\"onovo-brands onovo-hover-3 onovo-hover-label\" data-onovo-overlay data-onovo-scroll>\n        <a href=\"http:\/\/google.com\">\n                    <span class=\"image\">\n            <img decoding=\"async\" src=\"https:\/\/prodizainas.com\/wp-content\/uploads\/2023\/01\/brand2.png\" width=\"285\" height=\"200\" alt=\"Visit Website\" \/>\n          <\/span>\n                              <span class=\"label onovo-white-black\">\n            Visit Website          <\/span>\n                  <\/a>\n      <\/div>\n\n\t\t\t\t<\/div>\n\t\t\t\t<\/div>\n\t\t\t\t\t<\/div>\n\t\t<\/div>\n\t\t\t\t\t<\/div>\n\t\t<\/section>\n\t\t\t\t\t<\/div>\n\t\t<\/div>\n\t\t\t\t\t<\/div>\n\t\t<\/section>\n\t\t\t\t<\/div>","protected":false},"excerpt":{"rendered":"<p>News &amp; Blog Insights, thoughts, industry trends, marketing tips. Home March 25, 2023 Usability Secrets to&#8230; <br \/><a href=\"https:\/\/prodizainas.com\/lt\/kurkite-savo-svetaine-su-wordpress-galimybes-ir-privalumai\/\" class=\"onovo-btn onovo-hover-btn\"><span>Read more<\/span><\/a><\/p>","protected":false},"author":1,"featured_media":0,"parent":0,"menu_order":0,"comment_status":"closed","ping_status":"closed","template":"template-elementor-default.php","meta":{"footnotes":""},"class_list":["post-2981","page","type-page","status-publish","hentry"],"acf":[],"_links":{"self":[{"href":"https:\/\/prodizainas.com\/lt\/wp-json\/wp\/v2\/pages\/2981","targetHints":{"allow":["GET"]}}],"collection":[{"href":"https:\/\/prodizainas.com\/lt\/wp-json\/wp\/v2\/pages"}],"about":[{"href":"https:\/\/prodizainas.com\/lt\/wp-json\/wp\/v2\/types\/page"}],"author":[{"embeddable":true,"href":"https:\/\/prodizainas.com\/lt\/wp-json\/wp\/v2\/users\/1"}],"replies":[{"embeddable":true,"href":"https:\/\/prodizainas.com\/lt\/wp-json\/wp\/v2\/comments?post=2981"}],"version-history":[{"count":1,"href":"https:\/\/prodizainas.com\/lt\/wp-json\/wp\/v2\/pages\/2981\/revisions"}],"predecessor-version":[{"id":4810,"href":"https:\/\/prodizainas.com\/lt\/wp-json\/wp\/v2\/pages\/2981\/revisions\/4810"}],"wp:attachment":[{"href":"https:\/\/prodizainas.com\/lt\/wp-json\/wp\/v2\/media?parent=2981"}],"curies":[{"name":"wp","href":"https:\/\/api.w.org\/{rel}","templated":true}]}}