{"id":3059,"date":"2023-03-29T12:24:19","date_gmt":"2023-03-29T12:24:19","guid":{"rendered":"https:\/\/onovo-demo.bslthemes.com\/?page_id=3059"},"modified":"2023-03-29T12:24:19","modified_gmt":"2023-03-29T12:24:19","slug":"blog-list","status":"publish","type":"page","link":"https:\/\/prodizainas.com\/lt\/blog-list\/","title":{"rendered":"Blog (List)"},"content":{"rendered":"<div data-elementor-type=\"wp-page\" data-elementor-id=\"3059\" class=\"elementor elementor-3059\">\n\t\t\t\t\t\t<section class=\"elementor-section elementor-top-section elementor-element elementor-element-0737b32 elementor-section-full_width elementor-section-height-default elementor-section-height-default wpr-particle-no wpr-jarallax-no wpr-parallax-no wpr-sticky-section-no\" data-id=\"0737b32\" data-element_type=\"section\">\n\t\t\t\t\t\t<div class=\"elementor-container elementor-column-gap-no\">\n\t\t\t\t\t<div class=\"elementor-column elementor-col-100 elementor-top-column elementor-element elementor-element-1c8fcf2\" data-id=\"1c8fcf2\" data-element_type=\"column\">\n\t\t\t<div class=\"elementor-widget-wrap elementor-element-populated\">\n\t\t\t\t\t\t<div class=\"elementor-element elementor-element-441a94b elementor-widget elementor-widget-onovo-intro\" data-id=\"441a94b\" data-element_type=\"widget\" data-widget_type=\"onovo-intro.default\">\n\t\t\t\t<div class=\"elementor-widget-container\">\n\t\t\t\n\t\t<div class=\"onovo-intro intro--black\">\n\t\t\t\t\t\t<div class=\"container\">\n\t\t\t\t\t\t\t\t<h1 class=\"onovo-title-1  onovo-text-white\">\n\t\t\t\t\t<span >\n\t\t\t\t\t\tNews &amp;  Blog\t\t\t\t\t<\/span>\n\t\t\t\t\t\t\t\t\t\t<span class=\"onovo-sep word\">\n\t\t\t\t\t\t\t\t\t\t\t\t\t\t\t\t\t\t<i class=\"sep-img\" style=\"background-image: url(https:\/\/prodizainas.com\/wp-content\/uploads\/2023\/02\/title_icon.svg);\"><\/i>\n\t\t\t\t\t\t\t\t\t\t\t\t\t\t\t\t\t<\/span>\n\t\t\t\t\t\t\t\t\t<\/h1>\n\t\t\t\t\t\t\t\t\t\t\t\t<div class=\"onovo-subtitle-2  onovo-text-white\">\n\t\t\t\t\t<span >\n\t\t\t\t\t\tInsights, thoughts, industry trends, marketing tips.\t\t\t\t\t<\/span>\n\t\t\t\t<\/div>\n\t\t\t\t\t\t\t\t\t\t\t\t<div class=\"onovo-breadcrums\">\n\t\t\t\t\t<ul><li><a href=\"https:\/\/prodizainas.com\/lt\" title=\"prodizainas.com\">Home<\/span><\/a><\/li><li class=\"current\"><span><\/span><\/li><\/ul>\t\t\t\t<\/div>\n\t\t\t\t\t\t\t<\/div>\n\t    <\/div>\n\n\t\t\t\t<\/div>\n\t\t\t\t<\/div>\n\t\t\t\t\t<\/div>\n\t\t<\/div>\n\t\t\t\t\t<\/div>\n\t\t<\/section>\n\t\t\t\t<section class=\"elementor-section elementor-top-section elementor-element elementor-element-e6b6a1e elementor-section-boxed elementor-section-height-default elementor-section-height-default wpr-particle-no wpr-jarallax-no wpr-parallax-no wpr-sticky-section-no\" data-id=\"e6b6a1e\" data-element_type=\"section\">\n\t\t\t\t\t\t<div class=\"elementor-container elementor-column-gap-no\">\n\t\t\t\t\t<div class=\"elementor-column elementor-col-100 elementor-top-column elementor-element elementor-element-0c48103\" data-id=\"0c48103\" data-element_type=\"column\">\n\t\t\t<div class=\"elementor-widget-wrap elementor-element-populated\">\n\t\t\t\t\t\t<div class=\"elementor-element elementor-element-b55d9c2 elementor-widget elementor-widget-onovo-blog\" data-id=\"b55d9c2\" data-element_type=\"widget\" data-widget_type=\"onovo-blog.default\">\n\t\t\t\t<div class=\"elementor-widget-container\">\n\t\t\t\n\t\t<div class=\"onovo-archive\">\n\t\t\t<div class=\"container\">\n\t\t\t\t<div class=\"row archive-row\">\n\t\t\t\t\t<div class=\"col-lg-8\">\t\t\t\t\t\t\t\t\t\t\t\t\t\n\n<div class=\"onovo-blog-item archive-item\">\n\t<div id=\"post-15\" class=\"post-15 post type-post status-publish format-standard hentry category-blog\">\n\t\t\t\t<div class=\"desc\">\n\t\t\t<div class=\"info\">\n\t\t\t\t<div class=\"date\">2023-06-21<\/div>Blog\t\t\t<\/div>\n\t\t\t<h3 class=\"title\">\n\t\t\t\t<a href=\"https:\/\/prodizainas.com\/lt\/ka-reikia-zinoti-apie-interneto-svetainiu-kurima\/\">\n\t\t\t\t\tK\u0105 reikia \u017einoti apie interneto svetaini\u0173 k\u016brim\u0105?\t\t\t\t<\/a>\n\t\t\t<\/h3>\n\t\t\t\t\t\t<div class=\"onovo-text\">\n\t\t\t\t<p>Svetaini\u0173 k\u016brimas &#8211; svarbus verslo \u017eingsnis \u0160iandien be galo svarbu tur\u0117ti profesionali\u0105 ir funkcionali\u0105 interneto svetain\u0119&#8230;. <br \/><a href=\"https:\/\/prodizainas.com\/lt\/ka-reikia-zinoti-apie-interneto-svetainiu-kurima\/\" class=\"onovo-btn onovo-hover-btn\"><span>Read more<\/span><\/a><\/p>\n\t\t\t<\/div>\n\t\t\t\t\t<\/div>\n\t<\/div><!-- #post-15 -->\n<\/div>\n\n<div class=\"onovo-blog-item archive-item\">\n\t<div id=\"post-14\" class=\"post-14 post type-post status-publish format-standard hentry category-blog\">\n\t\t\t\t<div class=\"desc\">\n\t\t\t<div class=\"info\">\n\t\t\t\t<div class=\"date\">2023-06-21<\/div>Blog\t\t\t<\/div>\n\t\t\t<h3 class=\"title\">\n\t\t\t\t<a href=\"https:\/\/prodizainas.com\/lt\/5-svarbiausi-dalykai-kuriuos-reikia-zinoti-apie-tinklalapiu-kurima\/\">\n\t\t\t\t\t5 Svarbiausi Dalykai, Kuriuos Reikia \u017dinoti Apie Tinklalapi\u0173 K\u016brim\u0105\t\t\t\t<\/a>\n\t\t\t<\/h3>\n\t\t\t\t\t\t<div class=\"onovo-text\">\n\t\t\t\t<p>Kam tinklalapis yra svarbus? Tinklalapis yra vienas i\u0161 svarbiausi\u0173 \u012franki\u0173, kur\u012f galite tur\u0117ti savo verslui. Jis&#8230; <br \/><a href=\"https:\/\/prodizainas.com\/lt\/5-svarbiausi-dalykai-kuriuos-reikia-zinoti-apie-tinklalapiu-kurima\/\" class=\"onovo-btn onovo-hover-btn\"><span>Read more<\/span><\/a><\/p>\n\t\t\t<\/div>\n\t\t\t\t\t<\/div>\n\t<\/div><!-- #post-14 -->\n<\/div>\n\n<div class=\"onovo-blog-item archive-item\">\n\t<div id=\"post-13\" class=\"post-13 post type-post status-publish format-standard hentry category-blog\">\n\t\t\t\t<div class=\"desc\">\n\t\t\t<div class=\"info\">\n\t\t\t\t<div class=\"date\">2023-06-21<\/div>Blog\t\t\t<\/div>\n\t\t\t<h3 class=\"title\">\n\t\t\t\t<a href=\"https:\/\/prodizainas.com\/lt\/interneto-svetainiu-kurimas-neikainojamas-budas-isryskinti-savo-versla\/\">\n\t\t\t\t\tInterneto svetaini\u0173 k\u016brimas &#8211; Ne\u012fkainojamas b\u016bdas i\u0161ry\u0161kinti savo versl\u0105\t\t\t\t<\/a>\n\t\t\t<\/h3>\n\t\t\t\t\t\t<div class=\"onovo-text\">\n\t\t\t\t<p>Kod\u0117l svarbu tur\u0117ti profesionali\u0105 interneto svetain\u0119? \u0160iuolaikinis verslas daugiau nei bet kada priklauso nuo interneto. Galb\u016bt&#8230; <br \/><a href=\"https:\/\/prodizainas.com\/lt\/interneto-svetainiu-kurimas-neikainojamas-budas-isryskinti-savo-versla\/\" class=\"onovo-btn onovo-hover-btn\"><span>Read more<\/span><\/a><\/p>\n\t\t\t<\/div>\n\t\t\t\t\t<\/div>\n\t<\/div><!-- #post-13 -->\n<\/div>\n\n<div class=\"onovo-blog-item archive-item\">\n\t<div id=\"post-12\" class=\"post-12 post type-post status-publish format-standard hentry category-blog\">\n\t\t\t\t<div class=\"desc\">\n\t\t\t<div class=\"info\">\n\t\t\t\t<div class=\"date\">2023-06-21<\/div>Blog\t\t\t<\/div>\n\t\t\t<h3 class=\"title\">\n\t\t\t\t<a href=\"https:\/\/prodizainas.com\/lt\/kuriant-interneto-svetaine-naujoves-funkcionalumas-ir-dizainas\/\">\n\t\t\t\t\tKuriant interneto svetain\u0119: naujov\u0117s, funkcionalumas ir dizainas\t\t\t\t<\/a>\n\t\t\t<\/h3>\n\t\t\t\t\t\t<div class=\"onovo-text\">\n\t\t\t\t<p>Naujos kartos interneto svetain\u0117s: k\u016brimas, kuris su\u017eav\u0117s Siekiant i\u0161siskirti konkurencijoje ir pritraukti daugiau lankytoj\u0173 \u012f savo&#8230; <br \/><a href=\"https:\/\/prodizainas.com\/lt\/kuriant-interneto-svetaine-naujoves-funkcionalumas-ir-dizainas\/\" class=\"onovo-btn onovo-hover-btn\"><span>Read more<\/span><\/a><\/p>\n\t\t\t<\/div>\n\t\t\t\t\t<\/div>\n\t<\/div><!-- #post-12 -->\n<\/div>\n\n<div class=\"onovo-blog-item archive-item\">\n\t<div id=\"post-11\" class=\"post-11 post type-post status-publish format-standard hentry category-blog\">\n\t\t\t\t<div class=\"desc\">\n\t\t\t<div class=\"info\">\n\t\t\t\t<div class=\"date\">2023-06-21<\/div>Blog\t\t\t<\/div>\n\t\t\t<h3 class=\"title\">\n\t\t\t\t<a href=\"https:\/\/prodizainas.com\/lt\/kodel-kiekvienam-verslui-reikia-interneto-svetaines\/\">\n\t\t\t\t\tKod\u0117l kiekvienam verslui reikia interneto svetain\u0117s?\t\t\t\t<\/a>\n\t\t\t<\/h3>\n\t\t\t\t\t\t<div class=\"onovo-text\">\n\t\t\t\t<p>Kod\u0117l kiekvienam verslui reikia interneto svetain\u0117s? \u0160iandienos pasaulis yra vis labiau priklausomas nuo interneto. Tai puikiai&#8230; <br \/><a href=\"https:\/\/prodizainas.com\/lt\/kodel-kiekvienam-verslui-reikia-interneto-svetaines\/\" class=\"onovo-btn onovo-hover-btn\"><span>Read more<\/span><\/a><\/p>\n\t\t\t<\/div>\n\t\t\t\t\t<\/div>\n\t<\/div><!-- #post-11 -->\n<\/div>\n\n<div class=\"onovo-blog-item archive-item\">\n\t<div id=\"post-4\" class=\"post-4 post type-post status-publish format-standard hentry category-blog\">\n\t\t\t\t<div class=\"desc\">\n\t\t\t<div class=\"info\">\n\t\t\t\t<div class=\"date\">2023-06-21<\/div>Blog\t\t\t<\/div>\n\t\t\t<h3 class=\"title\">\n\t\t\t\t<a href=\"https:\/\/prodizainas.com\/lt\/kurkite-savo-svetaine-su-wordpress-galimybes-ir-privalumai\/\">\n\t\t\t\t\tKurkite savo svetain\u0119 su WordPress: galimyb\u0117s ir privalumai\t\t\t\t<\/a>\n\t\t\t<\/h3>\n\t\t\t\t\t\t<div class=\"onovo-text\">\n\t\t\t\t<p>Galimyb\u0117s sukuriant savo svetain\u0119 Dabar, kai verslo gyvenimas yra vis labiau susij\u0119s su internetu, tur\u0117ti profesionali\u0105&#8230; <br \/><a href=\"https:\/\/prodizainas.com\/lt\/kurkite-savo-svetaine-su-wordpress-galimybes-ir-privalumai\/\" class=\"onovo-btn onovo-hover-btn\"><span>Read more<\/span><\/a><\/p>\n\t\t\t<\/div>\n\t\t\t\t\t<\/div>\n\t<\/div><!-- #post-4 -->\n<\/div>\n\t\t\t\t\t\t\t\t\t\t\t\t\t\t<!-- pager -->\n\t\t\t\t\t\t\t<div class=\"pager\">\n\t\t\t\t\t\t\t\t<span aria-current=\"page\" class=\"page-numbers current\">1<\/span>\n<a class=\"page-numbers\" href=\"https:\/\/prodizainas.com\/lt\/wp-json\/wp\/v2\/pages\/3059\/page\/2\/\">2<\/a>\n<a class=\"page-numbers\" href=\"https:\/\/prodizainas.com\/lt\/wp-json\/wp\/v2\/pages\/3059\/page\/3\/\">3<\/a>\n<a class=\"next page-numbers\" href=\"https:\/\/prodizainas.com\/lt\/wp-json\/wp\/v2\/pages\/3059\/page\/2\/\"><i><\/i><\/a>\t\t\t\t\t\t\t<\/div>\n\t\t\t\t\t\t\t\n\t\t\t\t\t\t\t\t\t\t\t<\/div>\n\t\t\t\t\t\t\t\t\t\t<div class=\"col-lg-4\">\n\t\t\t\t\t\t<div class=\"col-sidebar\">\n\t\t\t\t\t\t\t\n<div class=\"content-sidebar\">\n\t<aside id=\"secondary\" class=\"widget-area\">\n\t\t<section id=\"block-3\" class=\"widget widget_block\"><div class=\"wp-block-group\"><div class=\"wp-block-group__inner-container is-layout-flow wp-block-group-is-layout-flow\"><h2 class=\"wp-block-heading\">Recent Posts<\/h2><ul class=\"wp-block-latest-posts__list wp-block-latest-posts\"><li><a class=\"wp-block-latest-posts__post-title\" href=\"https:\/\/prodizainas.com\/lt\/ka-reikia-zinoti-apie-interneto-svetainiu-kurima\/\">K\u0105 reikia \u017einoti apie interneto svetaini\u0173 k\u016brim\u0105?<\/a><\/li>\n<li><a class=\"wp-block-latest-posts__post-title\" href=\"https:\/\/prodizainas.com\/lt\/5-svarbiausi-dalykai-kuriuos-reikia-zinoti-apie-tinklalapiu-kurima\/\">5 Svarbiausi Dalykai, Kuriuos Reikia \u017dinoti Apie Tinklalapi\u0173 K\u016brim\u0105<\/a><\/li>\n<li><a class=\"wp-block-latest-posts__post-title\" href=\"https:\/\/prodizainas.com\/lt\/interneto-svetainiu-kurimas-neikainojamas-budas-isryskinti-savo-versla\/\">Interneto svetaini\u0173 k\u016brimas &#8211; Ne\u012fkainojamas b\u016bdas i\u0161ry\u0161kinti savo versl\u0105<\/a><\/li>\n<li><a class=\"wp-block-latest-posts__post-title\" href=\"https:\/\/prodizainas.com\/lt\/kuriant-interneto-svetaine-naujoves-funkcionalumas-ir-dizainas\/\">Kuriant interneto svetain\u0119: naujov\u0117s, funkcionalumas ir dizainas<\/a><\/li>\n<li><a class=\"wp-block-latest-posts__post-title\" href=\"https:\/\/prodizainas.com\/lt\/kodel-kiekvienam-verslui-reikia-interneto-svetaines\/\">Kod\u0117l kiekvienam verslui reikia interneto svetain\u0117s?<\/a><\/li>\n<\/ul><\/div><\/div><\/section><section id=\"block-2\" class=\"widget widget_block widget_search\"><form role=\"search\" method=\"get\" action=\"https:\/\/prodizainas.com\/lt\/\" class=\"wp-block-search__button-outside wp-block-search__text-button wp-block-search\" data-trp-original-action=\"https:\/\/prodizainas.com\/lt\/\"    ><label class=\"wp-block-search__label\" for=\"wp-block-search__input-1\" >Paie\u0161ka<\/label><div class=\"wp-block-search__inside-wrapper\" ><input class=\"wp-block-search__input\" id=\"wp-block-search__input-1\" placeholder=\"\" value=\"\" type=\"search\" name=\"s\" required \/><button aria-label=\"Paie\u0161ka\" class=\"wp-block-search__button wp-element-button\" type=\"submit\" >Paie\u0161ka<\/button><\/div><input type=\"hidden\" name=\"trp-form-language\" value=\"lt\"\/><\/form><\/section><section id=\"block-6\" class=\"widget widget_block\"><div class=\"wp-block-group\"><div class=\"wp-block-group__inner-container is-layout-flow wp-block-group-is-layout-flow\"><h2 class=\"wp-block-heading\">Categories<\/h2><ul class=\"wp-block-categories-list wp-block-categories\">\t<li class=\"cat-item cat-item-1\"><a href=\"https:\/\/prodizainas.com\/lt\/category\/blog\/\">Blog<\/a>\n<\/li>\n\t<li class=\"cat-item cat-item-16\"><a href=\"https:\/\/prodizainas.com\/lt\/category\/branding\/\">Branding<\/a>\n<\/li>\n\t<li class=\"cat-item cat-item-17\"><a href=\"https:\/\/prodizainas.com\/lt\/category\/design\/\">Design<\/a>\n<\/li>\n\t<li class=\"cat-item cat-item-18\"><a href=\"https:\/\/prodizainas.com\/lt\/category\/news\/\">News<\/a>\n<\/li>\n<\/ul><\/div><\/div><\/section><section id=\"block-5\" class=\"widget widget_block\"><div class=\"wp-block-group\"><div class=\"wp-block-group__inner-container is-layout-flow wp-block-group-is-layout-flow\"><h2 class=\"wp-block-heading\">Archives<\/h2><ul class=\"wp-block-archives-list wp-block-archives\">\t<li><a href='https:\/\/prodizainas.com\/lt\/2023\/06\/'>2023 m. bir\u017eelio m\u0117n.<\/a><\/li>\n\t<li><a href='https:\/\/prodizainas.com\/lt\/2023\/03\/'>2023 m. kovo m\u0117n.<\/a><\/li>\n\t<li><a href='https:\/\/prodizainas.com\/lt\/2023\/02\/'>2023 m. vasario m\u0117n.<\/a><\/li>\n\t<li><a href='https:\/\/prodizainas.com\/lt\/2023\/01\/'>2023 m. sausio m\u0117n.<\/a><\/li>\n\t<li><a href='https:\/\/prodizainas.com\/lt\/2022\/12\/'>2022 m. gruod\u017eio m\u0117n.<\/a><\/li>\n<\/ul><\/div><\/div><\/section><section id=\"block-4\" class=\"widget widget_block\"><div class=\"wp-block-group\"><div class=\"wp-block-group__inner-container is-layout-flow wp-block-group-is-layout-flow\"><h2 class=\"wp-block-heading\">Recent Comments<\/h2><div class=\"no-comments wp-block-latest-comments\">N\u0117ra komentar\u0173.<\/div><\/div><\/div><\/section>\t<\/aside><!-- #secondary -->\n<\/div>\t\t\t\t\t\t<\/div>\n\t\t\t\t\t<\/div>\n\t\t\t\t\t\t\t\t\t<\/div>\n\t\t\t<\/div>\n\t\t<\/div>\n\n\t\t\t\t<\/div>\n\t\t\t\t<\/div>\n\t\t\t\t\t<\/div>\n\t\t<\/div>\n\t\t\t\t\t<\/div>\n\t\t<\/section>\n\t\t\t\t<\/div>","protected":false},"excerpt":{"rendered":"<p>News &amp; Blog Insights, thoughts, industry trends, marketing tips. Home March 25, 2023Branding Usability Secrets to&#8230; <br \/><a href=\"https:\/\/prodizainas.com\/lt\/kurkite-savo-svetaine-su-wordpress-galimybes-ir-privalumai\/\" class=\"onovo-btn onovo-hover-btn\"><span>Read more<\/span><\/a><\/p>","protected":false},"author":1,"featured_media":0,"parent":0,"menu_order":0,"comment_status":"closed","ping_status":"closed","template":"template-elementor-default.php","meta":{"footnotes":""},"class_list":["post-3059","page","type-page","status-publish","hentry"],"acf":[],"_links":{"self":[{"href":"https:\/\/prodizainas.com\/lt\/wp-json\/wp\/v2\/pages\/3059","targetHints":{"allow":["GET"]}}],"collection":[{"href":"https:\/\/prodizainas.com\/lt\/wp-json\/wp\/v2\/pages"}],"about":[{"href":"https:\/\/prodizainas.com\/lt\/wp-json\/wp\/v2\/types\/page"}],"author":[{"embeddable":true,"href":"https:\/\/prodizainas.com\/lt\/wp-json\/wp\/v2\/users\/1"}],"replies":[{"embeddable":true,"href":"https:\/\/prodizainas.com\/lt\/wp-json\/wp\/v2\/comments?post=3059"}],"version-history":[{"count":0,"href":"https:\/\/prodizainas.com\/lt\/wp-json\/wp\/v2\/pages\/3059\/revisions"}],"wp:attachment":[{"href":"https:\/\/prodizainas.com\/lt\/wp-json\/wp\/v2\/media?parent=3059"}],"curies":[{"name":"wp","href":"https:\/\/api.w.org\/{rel}","templated":true}]}}